{"id":5,"date":"2020-08-26T08:22:30","date_gmt":"2020-08-26T08:22:30","guid":{"rendered":"http:\/\/wordpress2694445.home.pl\/autoinstalator\/wordpresspluslscache\/donation-confirmation\/"},"modified":"2020-08-26T08:22:30","modified_gmt":"2020-08-26T08:22:30","slug":"donation-confirmation","status":"publish","type":"page","link":"https:\/\/12gwiazd.pl\/en\/donation-confirmation\/","title":{"rendered":"Donation Confirmation"},"content":{"rendered":"<p>[give_receipt]<\/p>","protected":false},"excerpt":{"rendered":"<p>[give_receipt]<\/p>","protected":false},"author":1,"featured_media":0,"parent":0,"menu_order":0,"comment_status":"closed","ping_status":"closed","template":"","meta":{"_acf_changed":false,"footnotes":""},"class_list":["post-5","page","type-page","status-publish","hentry","entry"],"acf":[],"yoast_head":"<!-- This site is optimized with the Yoast SEO plugin v26.7 - https:\/\/yoast.com\/wordpress\/plugins\/seo\/ -->\n<title>Donation Confirmation - 12Gwiazd.pl<\/title>\n<meta name=\"robots\" content=\"index, follow, max-snippet:-1, max-image-preview:large, max-video-preview:-1\" \/>\n<link rel=\"canonical\" href=\"https:\/\/12gwiazd.pl\/en\/donation-confirmation\/\" \/>\n<meta property=\"og:locale\" content=\"en_US\" \/>\n<meta property=\"og:type\" content=\"article\" \/>\n<meta property=\"og:title\" content=\"Donation Confirmation - 12Gwiazd.pl\" \/>\n<meta property=\"og:description\" content=\"[give_receipt]\" \/>\n<meta property=\"og:url\" content=\"https:\/\/12gwiazd.pl\/en\/donation-confirmation\/\" \/>\n<meta property=\"og:site_name\" content=\"12Gwiazd.pl\" \/>\n<meta property=\"article:publisher\" content=\"https:\/\/www.facebook.com\/12Gwiazd.org\/\" \/>\n<meta name=\"twitter:card\" content=\"summary_large_image\" \/>\n<meta name=\"twitter:site\" content=\"@Filmowa12Gwiazd\" \/>\n<script type=\"application\/ld+json\" class=\"yoast-schema-graph\">{\"@context\":\"https:\/\/schema.org\",\"@graph\":[{\"@type\":\"WebPage\",\"@id\":\"https:\/\/12gwiazd.pl\/donation-confirmation\/\",\"url\":\"https:\/\/12gwiazd.pl\/donation-confirmation\/\",\"name\":\"Donation Confirmation - 12Gwiazd.pl\",\"isPartOf\":{\"@id\":\"https:\/\/12gwiazd.pl\/#website\"},\"datePublished\":\"2020-08-26T08:22:30+00:00\",\"breadcrumb\":{\"@id\":\"https:\/\/12gwiazd.pl\/donation-confirmation\/#breadcrumb\"},\"inLanguage\":\"en-US\",\"potentialAction\":[{\"@type\":\"ReadAction\",\"target\":[\"https:\/\/12gwiazd.pl\/donation-confirmation\/\"]}]},{\"@type\":\"BreadcrumbList\",\"@id\":\"https:\/\/12gwiazd.pl\/donation-confirmation\/#breadcrumb\",\"itemListElement\":[{\"@type\":\"ListItem\",\"position\":1,\"name\":\"Home\",\"item\":\"https:\/\/12gwiazd.pl\/\"},{\"@type\":\"ListItem\",\"position\":2,\"name\":\"Donation Confirmation\"}]},{\"@type\":\"WebSite\",\"@id\":\"https:\/\/12gwiazd.pl\/#website\",\"url\":\"https:\/\/12gwiazd.pl\/\",\"name\":\"12Gwiazd.pl\",\"description\":\"Upowszechniamy kultur\u0119 i sztuk\u0119, piel\u0119gnuj\u0105c polsk\u0105 histori\u0119 i tradycj\u0119.\",\"publisher\":{\"@id\":\"https:\/\/12gwiazd.pl\/#organization\"},\"alternateName\":\"Fundacja Filmowa 12 Gwiazd\",\"potentialAction\":[{\"@type\":\"SearchAction\",\"target\":{\"@type\":\"EntryPoint\",\"urlTemplate\":\"https:\/\/12gwiazd.pl\/?s={search_term_string}\"},\"query-input\":{\"@type\":\"PropertyValueSpecification\",\"valueRequired\":true,\"valueName\":\"search_term_string\"}}],\"inLanguage\":\"en-US\"},{\"@type\":\"Organization\",\"@id\":\"https:\/\/12gwiazd.pl\/#organization\",\"name\":\"12Gwiazd.pl\",\"alternateName\":\"Fundacja Filmowa 12 Gwiazd\",\"url\":\"https:\/\/12gwiazd.pl\/\",\"logo\":{\"@type\":\"ImageObject\",\"inLanguage\":\"en-US\",\"@id\":\"https:\/\/12gwiazd.pl\/#\/schema\/logo\/image\/\",\"url\":\"https:\/\/12gwiazd.pl\/wp-content\/uploads\/2026\/01\/cropped-logo-12gwiazdpl.webp\",\"contentUrl\":\"https:\/\/12gwiazd.pl\/wp-content\/uploads\/2026\/01\/cropped-logo-12gwiazdpl.webp\",\"width\":600,\"height\":208,\"caption\":\"12Gwiazd.pl\"},\"image\":{\"@id\":\"https:\/\/12gwiazd.pl\/#\/schema\/logo\/image\/\"},\"sameAs\":[\"https:\/\/www.facebook.com\/12Gwiazd.org\/\",\"https:\/\/x.com\/Filmowa12Gwiazd\"]}]}<\/script>\n<!-- \/ Yoast SEO plugin. -->","yoast_head_json":{"title":"Donation Confirmation - 12Gwiazd.pl","robots":{"index":"index","follow":"follow","max-snippet":"max-snippet:-1","max-image-preview":"max-image-preview:large","max-video-preview":"max-video-preview:-1"},"canonical":"https:\/\/12gwiazd.pl\/en\/donation-confirmation\/","og_locale":"en_US","og_type":"article","og_title":"Donation Confirmation - 12Gwiazd.pl","og_description":"[give_receipt]","og_url":"https:\/\/12gwiazd.pl\/en\/donation-confirmation\/","og_site_name":"12Gwiazd.pl","article_publisher":"https:\/\/www.facebook.com\/12Gwiazd.org\/","twitter_card":"summary_large_image","twitter_site":"@Filmowa12Gwiazd","schema":{"@context":"https:\/\/schema.org","@graph":[{"@type":"WebPage","@id":"https:\/\/12gwiazd.pl\/donation-confirmation\/","url":"https:\/\/12gwiazd.pl\/donation-confirmation\/","name":"Donation Confirmation - 12Gwiazd.pl","isPartOf":{"@id":"https:\/\/12gwiazd.pl\/#website"},"datePublished":"2020-08-26T08:22:30+00:00","breadcrumb":{"@id":"https:\/\/12gwiazd.pl\/donation-confirmation\/#breadcrumb"},"inLanguage":"en-US","potentialAction":[{"@type":"ReadAction","target":["https:\/\/12gwiazd.pl\/donation-confirmation\/"]}]},{"@type":"BreadcrumbList","@id":"https:\/\/12gwiazd.pl\/donation-confirmation\/#breadcrumb","itemListElement":[{"@type":"ListItem","position":1,"name":"Home","item":"https:\/\/12gwiazd.pl\/"},{"@type":"ListItem","position":2,"name":"Donation Confirmation"}]},{"@type":"WebSite","@id":"https:\/\/12gwiazd.pl\/#website","url":"https:\/\/12gwiazd.pl\/","name":"12Gwiazd.pl","description":"Upowszechniamy kultur\u0119 i sztuk\u0119, piel\u0119gnuj\u0105c polsk\u0105 histori\u0119 i tradycj\u0119.","publisher":{"@id":"https:\/\/12gwiazd.pl\/#organization"},"alternateName":"Fundacja Filmowa 12 Gwiazd","potentialAction":[{"@type":"SearchAction","target":{"@type":"EntryPoint","urlTemplate":"https:\/\/12gwiazd.pl\/?s={search_term_string}"},"query-input":{"@type":"PropertyValueSpecification","valueRequired":true,"valueName":"search_term_string"}}],"inLanguage":"en-US"},{"@type":"Organization","@id":"https:\/\/12gwiazd.pl\/#organization","name":"12Gwiazd.pl","alternateName":"Fundacja Filmowa 12 Gwiazd","url":"https:\/\/12gwiazd.pl\/","logo":{"@type":"ImageObject","inLanguage":"en-US","@id":"https:\/\/12gwiazd.pl\/#\/schema\/logo\/image\/","url":"https:\/\/12gwiazd.pl\/wp-content\/uploads\/2026\/01\/cropped-logo-12gwiazdpl.webp","contentUrl":"https:\/\/12gwiazd.pl\/wp-content\/uploads\/2026\/01\/cropped-logo-12gwiazdpl.webp","width":600,"height":208,"caption":"12Gwiazd.pl"},"image":{"@id":"https:\/\/12gwiazd.pl\/#\/schema\/logo\/image\/"},"sameAs":["https:\/\/www.facebook.com\/12Gwiazd.org\/","https:\/\/x.com\/Filmowa12Gwiazd"]}]}},"_links":{"self":[{"href":"https:\/\/12gwiazd.pl\/en\/wp-json\/wp\/v2\/pages\/5","targetHints":{"allow":["GET"]}}],"collection":[{"href":"https:\/\/12gwiazd.pl\/en\/wp-json\/wp\/v2\/pages"}],"about":[{"href":"https:\/\/12gwiazd.pl\/en\/wp-json\/wp\/v2\/types\/page"}],"author":[{"embeddable":true,"href":"https:\/\/12gwiazd.pl\/en\/wp-json\/wp\/v2\/users\/1"}],"replies":[{"embeddable":true,"href":"https:\/\/12gwiazd.pl\/en\/wp-json\/wp\/v2\/comments?post=5"}],"version-history":[{"count":0,"href":"https:\/\/12gwiazd.pl\/en\/wp-json\/wp\/v2\/pages\/5\/revisions"}],"wp:attachment":[{"href":"https:\/\/12gwiazd.pl\/en\/wp-json\/wp\/v2\/media?parent=5"}],"curies":[{"name":"wp","href":"https:\/\/api.w.org\/{rel}","templated":true}]}}