{"id":27819,"date":"2026-01-19T16:37:29","date_gmt":"2026-01-19T16:37:29","guid":{"rendered":"https:\/\/m-kolbe.com\/zbiorki\/"},"modified":"2026-01-23T14:43:24","modified_gmt":"2026-01-23T14:43:24","slug":"zbiorki","status":"publish","type":"page","link":"https:\/\/12gwiazd.pl\/en\/zbiorki\/","title":{"rendered":"Zbi\u00f3rki"},"content":{"rendered":"<div data-elementor-type=\"wp-page\" data-elementor-id=\"27819\" class=\"elementor elementor-27819\" data-elementor-post-type=\"page\">\n\t\t\t\t\t\t<section class=\"elementor-section elementor-top-section elementor-element elementor-element-779470cd elementor-section-full_width elementor-section-height-default elementor-section-height-default\" data-id=\"779470cd\" data-element_type=\"section\" data-settings=\"{&quot;animation&quot;:&quot;none&quot;}\">\n\t\t\t\t\t\t<div class=\"elementor-container elementor-column-gap-default\">\n\t\t\t\t\t<div class=\"elementor-column elementor-col-100 elementor-top-column elementor-element elementor-element-72d4ec3a\" data-id=\"72d4ec3a\" data-element_type=\"column\">\n\t\t\t<div class=\"elementor-widget-wrap elementor-element-populated\">\n\t\t\t\t\t\t<div class=\"elementor-element elementor-element-6926ac3a elementor-widget elementor-widget-text-editor\" data-id=\"6926ac3a\" data-element_type=\"widget\" data-widget_type=\"text-editor.default\">\n\t\t\t\t<div class=\"elementor-widget-container\">\n\t\t\t\t\t\t\t\t\t<p><\/p>\t\t\t\t\t\t\t\t<\/div>\n\t\t\t\t<\/div>\n\t\t\t\t\t<\/div>\n\t\t<\/div>\n\t\t\t\t\t<\/div>\n\t\t<\/section>\n\t\t\t\t<\/div>","protected":false},"excerpt":{"rendered":"","protected":false},"author":1,"featured_media":0,"parent":0,"menu_order":0,"comment_status":"closed","ping_status":"closed","template":"elementor_header_footer","meta":{"_acf_changed":false,"footnotes":""},"class_list":["post-27819","page","type-page","status-publish","hentry","entry"],"acf":[],"yoast_head":"<!-- This site is optimized with the Yoast SEO plugin v26.7 - https:\/\/yoast.com\/wordpress\/plugins\/seo\/ -->\n<title>WESPRZYJ FILM - Fundacja Filmowa 12 Gwiazd<\/title>\n<meta name=\"description\" content=\"Zbi\u00f3rka na film \u201eMarzenie \u015awi\u0119tego Maksymiliana\u201d \u2013 wspieraj realizacj\u0119 inspiruj\u0105cej produkcji o wierze i nadziei.\" \/>\n<meta name=\"robots\" content=\"index, follow, max-snippet:-1, max-image-preview:large, max-video-preview:-1\" \/>\n<link rel=\"canonical\" href=\"https:\/\/12gwiazd.pl\/en\/zbiorki\/\" \/>\n<meta property=\"og:locale\" content=\"en_US\" \/>\n<meta property=\"og:type\" content=\"article\" \/>\n<meta property=\"og:title\" content=\"WESPRZYJ FILM - Fundacja Filmowa 12 Gwiazd\" \/>\n<meta property=\"og:description\" content=\"Zbi\u00f3rka na film \u201eMarzenie \u015awi\u0119tego Maksymiliana\u201d \u2013 wspieraj realizacj\u0119 inspiruj\u0105cej produkcji o wierze i nadziei.\" \/>\n<meta property=\"og:url\" content=\"https:\/\/12gwiazd.pl\/en\/zbiorki\/\" \/>\n<meta property=\"og:site_name\" content=\"12Gwiazd.pl\" \/>\n<meta property=\"article:publisher\" content=\"https:\/\/www.facebook.com\/12Gwiazd.org\/\" \/>\n<meta property=\"article:modified_time\" content=\"2026-01-23T14:43:24+00:00\" \/>\n<meta name=\"twitter:card\" content=\"summary_large_image\" \/>\n<meta name=\"twitter:site\" content=\"@Filmowa12Gwiazd\" \/>\n<script type=\"application\/ld+json\" class=\"yoast-schema-graph\">{\"@context\":\"https:\/\/schema.org\",\"@graph\":[{\"@type\":\"WebPage\",\"@id\":\"https:\/\/12gwiazd.pl\/zbiorki\/\",\"url\":\"https:\/\/12gwiazd.pl\/zbiorki\/\",\"name\":\"WESPRZYJ FILM - Fundacja Filmowa 12 Gwiazd\",\"isPartOf\":{\"@id\":\"https:\/\/12gwiazd.pl\/#website\"},\"datePublished\":\"2026-01-19T16:37:29+00:00\",\"dateModified\":\"2026-01-23T14:43:24+00:00\",\"description\":\"Zbi\u00f3rka na film \u201eMarzenie \u015awi\u0119tego Maksymiliana\u201d \u2013 wspieraj realizacj\u0119 inspiruj\u0105cej produkcji o wierze i nadziei.\",\"breadcrumb\":{\"@id\":\"https:\/\/12gwiazd.pl\/zbiorki\/#breadcrumb\"},\"inLanguage\":\"en-US\",\"potentialAction\":[{\"@type\":\"ReadAction\",\"target\":[\"https:\/\/12gwiazd.pl\/zbiorki\/\"]}]},{\"@type\":\"BreadcrumbList\",\"@id\":\"https:\/\/12gwiazd.pl\/zbiorki\/#breadcrumb\",\"itemListElement\":[{\"@type\":\"ListItem\",\"position\":1,\"name\":\"Home\",\"item\":\"https:\/\/12gwiazd.pl\/\"},{\"@type\":\"ListItem\",\"position\":2,\"name\":\"Zbi\u00f3rki\"}]},{\"@type\":\"WebSite\",\"@id\":\"https:\/\/12gwiazd.pl\/#website\",\"url\":\"https:\/\/12gwiazd.pl\/\",\"name\":\"12Gwiazd.pl\",\"description\":\"Upowszechniamy kultur\u0119 i sztuk\u0119, piel\u0119gnuj\u0105c polsk\u0105 histori\u0119 i tradycj\u0119.\",\"publisher\":{\"@id\":\"https:\/\/12gwiazd.pl\/#organization\"},\"alternateName\":\"Fundacja Filmowa 12 Gwiazd\",\"potentialAction\":[{\"@type\":\"SearchAction\",\"target\":{\"@type\":\"EntryPoint\",\"urlTemplate\":\"https:\/\/12gwiazd.pl\/?s={search_term_string}\"},\"query-input\":{\"@type\":\"PropertyValueSpecification\",\"valueRequired\":true,\"valueName\":\"search_term_string\"}}],\"inLanguage\":\"en-US\"},{\"@type\":\"Organization\",\"@id\":\"https:\/\/12gwiazd.pl\/#organization\",\"name\":\"12Gwiazd.pl\",\"alternateName\":\"Fundacja Filmowa 12 Gwiazd\",\"url\":\"https:\/\/12gwiazd.pl\/\",\"logo\":{\"@type\":\"ImageObject\",\"inLanguage\":\"en-US\",\"@id\":\"https:\/\/12gwiazd.pl\/#\/schema\/logo\/image\/\",\"url\":\"https:\/\/12gwiazd.pl\/wp-content\/uploads\/2026\/01\/cropped-logo-12gwiazdpl.webp\",\"contentUrl\":\"https:\/\/12gwiazd.pl\/wp-content\/uploads\/2026\/01\/cropped-logo-12gwiazdpl.webp\",\"width\":600,\"height\":208,\"caption\":\"12Gwiazd.pl\"},\"image\":{\"@id\":\"https:\/\/12gwiazd.pl\/#\/schema\/logo\/image\/\"},\"sameAs\":[\"https:\/\/www.facebook.com\/12Gwiazd.org\/\",\"https:\/\/x.com\/Filmowa12Gwiazd\"]}]}<\/script>\n<!-- \/ Yoast SEO plugin. -->","yoast_head_json":{"title":"WESPRZYJ FILM - Fundacja Filmowa 12 Gwiazd","description":"Zbi\u00f3rka na film \u201eMarzenie \u015awi\u0119tego Maksymiliana\u201d \u2013 wspieraj realizacj\u0119 inspiruj\u0105cej produkcji o wierze i nadziei.","robots":{"index":"index","follow":"follow","max-snippet":"max-snippet:-1","max-image-preview":"max-image-preview:large","max-video-preview":"max-video-preview:-1"},"canonical":"https:\/\/12gwiazd.pl\/en\/zbiorki\/","og_locale":"en_US","og_type":"article","og_title":"WESPRZYJ FILM - Fundacja Filmowa 12 Gwiazd","og_description":"Zbi\u00f3rka na film \u201eMarzenie \u015awi\u0119tego Maksymiliana\u201d \u2013 wspieraj realizacj\u0119 inspiruj\u0105cej produkcji o wierze i nadziei.","og_url":"https:\/\/12gwiazd.pl\/en\/zbiorki\/","og_site_name":"12Gwiazd.pl","article_publisher":"https:\/\/www.facebook.com\/12Gwiazd.org\/","article_modified_time":"2026-01-23T14:43:24+00:00","twitter_card":"summary_large_image","twitter_site":"@Filmowa12Gwiazd","schema":{"@context":"https:\/\/schema.org","@graph":[{"@type":"WebPage","@id":"https:\/\/12gwiazd.pl\/zbiorki\/","url":"https:\/\/12gwiazd.pl\/zbiorki\/","name":"WESPRZYJ FILM - Fundacja Filmowa 12 Gwiazd","isPartOf":{"@id":"https:\/\/12gwiazd.pl\/#website"},"datePublished":"2026-01-19T16:37:29+00:00","dateModified":"2026-01-23T14:43:24+00:00","description":"Zbi\u00f3rka na film \u201eMarzenie \u015awi\u0119tego Maksymiliana\u201d \u2013 wspieraj realizacj\u0119 inspiruj\u0105cej produkcji o wierze i nadziei.","breadcrumb":{"@id":"https:\/\/12gwiazd.pl\/zbiorki\/#breadcrumb"},"inLanguage":"en-US","potentialAction":[{"@type":"ReadAction","target":["https:\/\/12gwiazd.pl\/zbiorki\/"]}]},{"@type":"BreadcrumbList","@id":"https:\/\/12gwiazd.pl\/zbiorki\/#breadcrumb","itemListElement":[{"@type":"ListItem","position":1,"name":"Home","item":"https:\/\/12gwiazd.pl\/"},{"@type":"ListItem","position":2,"name":"Zbi\u00f3rki"}]},{"@type":"WebSite","@id":"https:\/\/12gwiazd.pl\/#website","url":"https:\/\/12gwiazd.pl\/","name":"12Gwiazd.pl","description":"Upowszechniamy kultur\u0119 i sztuk\u0119, piel\u0119gnuj\u0105c polsk\u0105 histori\u0119 i tradycj\u0119.","publisher":{"@id":"https:\/\/12gwiazd.pl\/#organization"},"alternateName":"Fundacja Filmowa 12 Gwiazd","potentialAction":[{"@type":"SearchAction","target":{"@type":"EntryPoint","urlTemplate":"https:\/\/12gwiazd.pl\/?s={search_term_string}"},"query-input":{"@type":"PropertyValueSpecification","valueRequired":true,"valueName":"search_term_string"}}],"inLanguage":"en-US"},{"@type":"Organization","@id":"https:\/\/12gwiazd.pl\/#organization","name":"12Gwiazd.pl","alternateName":"Fundacja Filmowa 12 Gwiazd","url":"https:\/\/12gwiazd.pl\/","logo":{"@type":"ImageObject","inLanguage":"en-US","@id":"https:\/\/12gwiazd.pl\/#\/schema\/logo\/image\/","url":"https:\/\/12gwiazd.pl\/wp-content\/uploads\/2026\/01\/cropped-logo-12gwiazdpl.webp","contentUrl":"https:\/\/12gwiazd.pl\/wp-content\/uploads\/2026\/01\/cropped-logo-12gwiazdpl.webp","width":600,"height":208,"caption":"12Gwiazd.pl"},"image":{"@id":"https:\/\/12gwiazd.pl\/#\/schema\/logo\/image\/"},"sameAs":["https:\/\/www.facebook.com\/12Gwiazd.org\/","https:\/\/x.com\/Filmowa12Gwiazd"]}]}},"_links":{"self":[{"href":"https:\/\/12gwiazd.pl\/en\/wp-json\/wp\/v2\/pages\/27819","targetHints":{"allow":["GET"]}}],"collection":[{"href":"https:\/\/12gwiazd.pl\/en\/wp-json\/wp\/v2\/pages"}],"about":[{"href":"https:\/\/12gwiazd.pl\/en\/wp-json\/wp\/v2\/types\/page"}],"author":[{"embeddable":true,"href":"https:\/\/12gwiazd.pl\/en\/wp-json\/wp\/v2\/users\/1"}],"replies":[{"embeddable":true,"href":"https:\/\/12gwiazd.pl\/en\/wp-json\/wp\/v2\/comments?post=27819"}],"version-history":[{"count":82,"href":"https:\/\/12gwiazd.pl\/en\/wp-json\/wp\/v2\/pages\/27819\/revisions"}],"predecessor-version":[{"id":28146,"href":"https:\/\/12gwiazd.pl\/en\/wp-json\/wp\/v2\/pages\/27819\/revisions\/28146"}],"wp:attachment":[{"href":"https:\/\/12gwiazd.pl\/en\/wp-json\/wp\/v2\/media?parent=27819"}],"curies":[{"name":"wp","href":"https:\/\/api.w.org\/{rel}","templated":true}]}}